{"id":20,"date":"2023-01-01T00:00:45","date_gmt":"2023-01-01T03:00:45","guid":{"rendered":"https:\/\/en.yazminaraies.com\/?page_id=20"},"modified":"2025-10-13T09:01:20","modified_gmt":"2025-10-13T12:01:20","slug":"inicio","status":"publish","type":"page","link":"https:\/\/en.yazminaraies.com\/en\/inicio\/","title":{"rendered":"Home"},"content":{"rendered":"<div data-elementor-type=\"wp-page\" data-elementor-id=\"20\" class=\"elementor elementor-20\" data-elementor-post-type=\"page\">\n\t\t\t\t<div class=\"elementor-element elementor-element-4224bc8 e-flex e-con-boxed e-con e-parent\" data-id=\"4224bc8\" data-element_type=\"container\" data-e-type=\"container\" data-settings=\"{&quot;background_background&quot;:&quot;classic&quot;}\">\n\t\t\t\t\t<div class=\"e-con-inner\">\n\t\t\t\t<div class=\"elementor-element elementor-element-8bbe109 elementor-widget elementor-widget-image\" data-id=\"8bbe109\" data-element_type=\"widget\" data-e-type=\"widget\" data-widget_type=\"image.default\">\n\t\t\t\t<div class=\"elementor-widget-container\">\n\t\t\t\t\t\t\t\t\t\t\t\t\t\t\t<img decoding=\"async\" width=\"154\" height=\"166\" src=\"https:\/\/en.yazminaraies.com\/wp-content\/uploads\/sites\/2\/2023\/10\/piano-tango-yazmina-raies-avatar.png\" class=\"attachment-large size-large wp-image-44\" alt=\"\" \/>\t\t\t\t\t\t\t\t\t\t\t\t\t\t\t<\/div>\n\t\t\t\t<\/div>\n\t\t\t\t<div class=\"elementor-element elementor-element-6a5b328 elementor-widget elementor-widget-heading\" data-id=\"6a5b328\" data-element_type=\"widget\" data-e-type=\"widget\" data-widget_type=\"heading.default\">\n\t\t\t\t<div class=\"elementor-widget-container\">\n\t\t\t\t\t<h2 class=\"elementor-heading-title elementor-size-default\">YAZMINA RAIES<\/h2>\t\t\t\t<\/div>\n\t\t\t\t<\/div>\n\t\t\t\t<div class=\"elementor-element elementor-element-2b26eed elementor-widget elementor-widget-text-editor\" data-id=\"2b26eed\" data-element_type=\"widget\" data-e-type=\"widget\" data-widget_type=\"text-editor.default\">\n\t\t\t\t<div class=\"elementor-widget-container\">\n\t\t\t\t\t\t\t\t\t<p>Te acompa\u00f1o en tu viaje a trav\u00e9s del tango y el piano con mis recursos y metodolog\u00eda.<\/p>\t\t\t\t\t\t\t\t<\/div>\n\t\t\t\t<\/div>\n\t\t<a class=\"elementor-element elementor-element-d6acd0f e-transform e-flex e-con-boxed e-con e-child\" data-id=\"d6acd0f\" data-element_type=\"container\" data-e-type=\"container\" data-settings=\"{&quot;background_background&quot;:&quot;classic&quot;,&quot;_transform_scale_effect_hover&quot;:{&quot;unit&quot;:&quot;px&quot;,&quot;size&quot;:1.05,&quot;sizes&quot;:[]},&quot;_transform_scale_effect_hover_tablet&quot;:{&quot;unit&quot;:&quot;px&quot;,&quot;size&quot;:&quot;&quot;,&quot;sizes&quot;:[]},&quot;_transform_scale_effect_hover_mobile&quot;:{&quot;unit&quot;:&quot;px&quot;,&quot;size&quot;:&quot;&quot;,&quot;sizes&quot;:[]}}\" href=\"https:\/\/en.yazminaraies.com\/en\/?page_id=1183\">\n\t\t\t\t\t<div class=\"e-con-inner\">\n\t\t\t\t<div class=\"elementor-element elementor-element-070a72b elementor-widget elementor-widget-heading\" data-id=\"070a72b\" data-element_type=\"widget\" data-e-type=\"widget\" data-widget_type=\"heading.default\">\n\t\t\t\t<div class=\"elementor-widget-container\">\n\t\t\t\t\t<h2 class=\"elementor-heading-title elementor-size-default\">Descarga tu partitura gratuita<\/h2>\t\t\t\t<\/div>\n\t\t\t\t<\/div>\n\t\t\t\t<div class=\"elementor-element elementor-element-9a206ce elementor-widget elementor-widget-heading\" data-id=\"9a206ce\" data-element_type=\"widget\" data-e-type=\"widget\" data-widget_type=\"heading.default\">\n\t\t\t\t<div class=\"elementor-widget-container\">\n\t\t\t\t\t<h2 class=\"elementor-heading-title elementor-size-default\">Y comienza tu viaje en este g\u00e9nero<\/h2>\t\t\t\t<\/div>\n\t\t\t\t<\/div>\n\t\t\t\t\t<\/div>\n\t\t\t\t<\/a>\n\t\t<a class=\"elementor-element elementor-element-43bf01c e-transform e-flex e-con-boxed e-con e-child\" data-id=\"43bf01c\" data-element_type=\"container\" data-e-type=\"container\" data-settings=\"{&quot;background_background&quot;:&quot;classic&quot;,&quot;_transform_scale_effect_hover&quot;:{&quot;unit&quot;:&quot;px&quot;,&quot;size&quot;:1.05,&quot;sizes&quot;:[]},&quot;_transform_scale_effect_hover_tablet&quot;:{&quot;unit&quot;:&quot;px&quot;,&quot;size&quot;:&quot;&quot;,&quot;sizes&quot;:[]},&quot;_transform_scale_effect_hover_mobile&quot;:{&quot;unit&quot;:&quot;px&quot;,&quot;size&quot;:&quot;&quot;,&quot;sizes&quot;:[]}}\" href=\"https:\/\/en.yazminaraies.com\/en\/inicio-elegir-pais\/\">\n\t\t\t\t\t<div class=\"e-con-inner\">\n\t\t\t\t<div class=\"elementor-element elementor-element-7888001 elementor-widget elementor-widget-heading\" data-id=\"7888001\" data-element_type=\"widget\" data-e-type=\"widget\" data-widget_type=\"heading.default\">\n\t\t\t\t<div class=\"elementor-widget-container\">\n\t\t\t\t\t<h2 class=\"elementor-heading-title elementor-size-default\">Aprende a tocar piano tango<\/h2>\t\t\t\t<\/div>\n\t\t\t\t<\/div>\n\t\t\t\t<div class=\"elementor-element elementor-element-a878632 elementor-widget elementor-widget-heading\" data-id=\"a878632\" data-element_type=\"widget\" data-e-type=\"widget\" data-widget_type=\"heading.default\">\n\t\t\t\t<div class=\"elementor-widget-container\">\n\t\t\t\t\t<h2 class=\"elementor-heading-title elementor-size-default\">Libros, Cursos y Play Along para todos los niveles<\/h2>\t\t\t\t<\/div>\n\t\t\t\t<\/div>\n\t\t\t\t\t<\/div>\n\t\t\t\t<\/a>\n\t\t<a class=\"elementor-element elementor-element-a19d1b5 e-transform e-flex e-con-boxed e-con e-child\" data-id=\"a19d1b5\" data-element_type=\"container\" data-e-type=\"container\" data-settings=\"{&quot;background_background&quot;:&quot;classic&quot;,&quot;_transform_scale_effect_hover&quot;:{&quot;unit&quot;:&quot;px&quot;,&quot;size&quot;:1.05,&quot;sizes&quot;:[]},&quot;_transform_scale_effect_hover_tablet&quot;:{&quot;unit&quot;:&quot;px&quot;,&quot;size&quot;:&quot;&quot;,&quot;sizes&quot;:[]},&quot;_transform_scale_effect_hover_mobile&quot;:{&quot;unit&quot;:&quot;px&quot;,&quot;size&quot;:&quot;&quot;,&quot;sizes&quot;:[]}}\" href=\"https:\/\/en.yazminaraies.com\/en\/servicios\/\">\n\t\t\t\t\t<div class=\"e-con-inner\">\n\t\t\t\t<div class=\"elementor-element elementor-element-2d8152e elementor-widget elementor-widget-heading\" data-id=\"2d8152e\" data-element_type=\"widget\" data-e-type=\"widget\" data-widget_type=\"heading.default\">\n\t\t\t\t<div class=\"elementor-widget-container\">\n\t\t\t\t\t<h2 class=\"elementor-heading-title elementor-size-default\">CONOCE MIS SERVICIOS<\/h2>\t\t\t\t<\/div>\n\t\t\t\t<\/div>\n\t\t\t\t<div class=\"elementor-element elementor-element-37aa277 elementor-widget elementor-widget-heading\" data-id=\"37aa277\" data-element_type=\"widget\" data-e-type=\"widget\" data-widget_type=\"heading.default\">\n\t\t\t\t<div class=\"elementor-widget-container\">\n\t\t\t\t\t<h2 class=\"elementor-heading-title elementor-size-default\">Composici\u00f3n, contrataciones y sesiones 1 a 1<\/h2>\t\t\t\t<\/div>\n\t\t\t\t<\/div>\n\t\t\t\t\t<\/div>\n\t\t\t\t<\/a>\n\t\t<div class=\"elementor-element elementor-element-a689574 e-con-full e-flex e-con e-child\" data-id=\"a689574\" data-element_type=\"container\" data-e-type=\"container\">\n\t\t\t\t<div class=\"elementor-element elementor-element-b0d6791 elementor-shape-rounded elementor-grid-0 e-grid-align-center elementor-widget elementor-widget-social-icons\" data-id=\"b0d6791\" data-element_type=\"widget\" data-e-type=\"widget\" data-widget_type=\"social-icons.default\">\n\t\t\t\t<div class=\"elementor-widget-container\">\n\t\t\t\t\t\t\t<div class=\"elementor-social-icons-wrapper elementor-grid\" role=\"list\">\n\t\t\t\t\t\t\t<span class=\"elementor-grid-item\" role=\"listitem\">\n\t\t\t\t\t<a class=\"elementor-icon elementor-social-icon elementor-social-icon-instagram elementor-repeater-item-6c2756f\" href=\"https:\/\/www.instagram.com\/yazminaraiespianista\" target=\"_blank\">\n\t\t\t\t\t\t<span class=\"elementor-screen-only\">Instagram<\/span>\n\t\t\t\t\t\t<i aria-hidden=\"true\" class=\"fab fa-instagram\"><\/i>\t\t\t\t\t<\/a>\n\t\t\t\t<\/span>\n\t\t\t\t\t\t\t<span class=\"elementor-grid-item\" role=\"listitem\">\n\t\t\t\t\t<a class=\"elementor-icon elementor-social-icon elementor-social-icon-tiktok elementor-repeater-item-1772a27\" href=\"https:\/\/www.tiktok.com\/@yazmina_raies\" target=\"_blank\">\n\t\t\t\t\t\t<span class=\"elementor-screen-only\">Tiktok<\/span>\n\t\t\t\t\t\t<i aria-hidden=\"true\" class=\"fab fa-tiktok\"><\/i>\t\t\t\t\t<\/a>\n\t\t\t\t<\/span>\n\t\t\t\t\t\t\t<span class=\"elementor-grid-item\" role=\"listitem\">\n\t\t\t\t\t<a class=\"elementor-icon elementor-social-icon elementor-social-icon-facebook elementor-repeater-item-29b1c7e\" href=\"https:\/\/www.facebook.com\/YazminaRaiesPianista\/\" target=\"_blank\">\n\t\t\t\t\t\t<span class=\"elementor-screen-only\">Facebook<\/span>\n\t\t\t\t\t\t<i aria-hidden=\"true\" class=\"fab fa-facebook\"><\/i>\t\t\t\t\t<\/a>\n\t\t\t\t<\/span>\n\t\t\t\t\t\t\t<span class=\"elementor-grid-item\" role=\"listitem\">\n\t\t\t\t\t<a class=\"elementor-icon elementor-social-icon elementor-social-icon-youtube elementor-repeater-item-b7f7d7e\" href=\"https:\/\/www.youtube.com\/c\/yazminaraies\" target=\"_blank\">\n\t\t\t\t\t\t<span class=\"elementor-screen-only\">Youtube<\/span>\n\t\t\t\t\t\t<i aria-hidden=\"true\" class=\"fab fa-youtube\"><\/i>\t\t\t\t\t<\/a>\n\t\t\t\t<\/span>\n\t\t\t\t\t\t\t<span class=\"elementor-grid-item\" role=\"listitem\">\n\t\t\t\t\t<a class=\"elementor-icon elementor-social-icon elementor-social-icon-spotify elementor-repeater-item-9dbb2be\" href=\"https:\/\/open.spotify.com\/artist\/6qefd7iPhSc1sfyz5EPhm7\" target=\"_blank\">\n\t\t\t\t\t\t<span class=\"elementor-screen-only\">Spotify<\/span>\n\t\t\t\t\t\t<i aria-hidden=\"true\" class=\"fab fa-spotify\"><\/i>\t\t\t\t\t<\/a>\n\t\t\t\t<\/span>\n\t\t\t\t\t<\/div>\n\t\t\t\t\t\t<\/div>\n\t\t\t\t<\/div>\n\t\t\t\t<\/div>\n\t\t\t\t<div class=\"elementor-element elementor-element-442278e elementor-widget elementor-widget-heading\" data-id=\"442278e\" data-element_type=\"widget\" data-e-type=\"widget\" data-widget_type=\"heading.default\">\n\t\t\t\t<div class=\"elementor-widget-container\">\n\t\t\t\t\t<h2 class=\"elementor-heading-title elementor-size-default\">\u00a92025 | Todos los derechos reservados<\/h2>\t\t\t\t<\/div>\n\t\t\t\t<\/div>\n\t\t\t\t\t<\/div>\n\t\t\t\t<\/div>\n\t\t\t\t<\/div>","protected":false},"excerpt":{"rendered":"<p>YAZMINA RAIES Te acompa\u00f1o en tu viaje a trav\u00e9s del tango y el piano con mis recursos y metodolog\u00eda. Descarga tu partitura gratuita Y comienza tu viaje en este g\u00e9nero Aprende a tocar piano tango Libros, Cursos y Play Along para todos los niveles CONOCE MIS SERVICIOS Composici\u00f3n, contrataciones y sesiones 1 a 1 Instagram [&hellip;]<\/p>\n","protected":false},"author":1,"featured_media":0,"parent":0,"menu_order":0,"comment_status":"closed","ping_status":"closed","template":"elementor_canvas","meta":{"footnotes":""},"class_list":["post-20","page","type-page","status-publish","hentry"],"yoast_head":"<!-- This site is optimized with the Yoast SEO plugin v27.4 - https:\/\/yoast.com\/product\/yoast-seo-wordpress\/ -->\n<title>Inicio - Yazmina Raies<\/title>\n<meta name=\"robots\" content=\"index, follow, max-snippet:-1, max-image-preview:large, max-video-preview:-1\" \/>\n<link rel=\"canonical\" href=\"https:\/\/en.yazminaraies.com\/en\/inicio\/\" \/>\n<meta property=\"og:locale\" content=\"en_US\" \/>\n<meta property=\"og:type\" content=\"article\" \/>\n<meta property=\"og:title\" content=\"Inicio - Yazmina Raies\" \/>\n<meta property=\"og:description\" content=\"YAZMINA RAIES Te acompa\u00f1o en tu viaje a trav\u00e9s del tango y el piano con mis recursos y metodolog\u00eda. Descarga tu partitura gratuita Y comienza tu viaje en este g\u00e9nero Aprende a tocar piano tango Libros, Cursos y Play Along para todos los niveles CONOCE MIS SERVICIOS Composici\u00f3n, contrataciones y sesiones 1 a 1 Instagram [&hellip;]\" \/>\n<meta property=\"og:url\" content=\"https:\/\/en.yazminaraies.com\/en\/inicio\/\" \/>\n<meta property=\"og:site_name\" content=\"Yazmina Raies\" \/>\n<meta property=\"article:modified_time\" content=\"2025-10-13T12:01:20+00:00\" \/>\n<meta property=\"og:image\" content=\"https:\/\/en.yazminaraies.com\/wp-content\/uploads\/sites\/2\/2023\/10\/piano-tango-yazmina-raies-avatar.png\" \/>\n\t<meta property=\"og:image:width\" content=\"154\" \/>\n\t<meta property=\"og:image:height\" content=\"166\" \/>\n\t<meta property=\"og:image:type\" content=\"image\/png\" \/>\n<meta name=\"twitter:card\" content=\"summary_large_image\" \/>\n<meta name=\"twitter:label1\" content=\"Est. reading time\" \/>\n\t<meta name=\"twitter:data1\" content=\"1 minute\" \/>\n<script type=\"application\/ld+json\" class=\"yoast-schema-graph\">{\"@context\":\"https:\\\/\\\/schema.org\",\"@graph\":[{\"@type\":\"WebPage\",\"@id\":\"https:\\\/\\\/en.yazminaraies.com\\\/inicio\\\/\",\"url\":\"https:\\\/\\\/en.yazminaraies.com\\\/inicio\\\/\",\"name\":\"Inicio - Yazmina Raies\",\"isPartOf\":{\"@id\":\"https:\\\/\\\/en.yazminaraies.com\\\/en\\\/#website\"},\"primaryImageOfPage\":{\"@id\":\"https:\\\/\\\/en.yazminaraies.com\\\/inicio\\\/#primaryimage\"},\"image\":{\"@id\":\"https:\\\/\\\/en.yazminaraies.com\\\/inicio\\\/#primaryimage\"},\"thumbnailUrl\":\"https:\\\/\\\/en.yazminaraies.com\\\/wp-content\\\/uploads\\\/sites\\\/2\\\/2023\\\/10\\\/piano-tango-yazmina-raies-avatar.png\",\"datePublished\":\"2023-01-01T03:00:45+00:00\",\"dateModified\":\"2025-10-13T12:01:20+00:00\",\"breadcrumb\":{\"@id\":\"https:\\\/\\\/en.yazminaraies.com\\\/inicio\\\/#breadcrumb\"},\"inLanguage\":\"en-US\",\"potentialAction\":[{\"@type\":\"ReadAction\",\"target\":[\"https:\\\/\\\/en.yazminaraies.com\\\/inicio\\\/\"]}]},{\"@type\":\"ImageObject\",\"inLanguage\":\"en-US\",\"@id\":\"https:\\\/\\\/en.yazminaraies.com\\\/inicio\\\/#primaryimage\",\"url\":\"https:\\\/\\\/en.yazminaraies.com\\\/wp-content\\\/uploads\\\/sites\\\/2\\\/2023\\\/10\\\/piano-tango-yazmina-raies-avatar.png\",\"contentUrl\":\"https:\\\/\\\/en.yazminaraies.com\\\/wp-content\\\/uploads\\\/sites\\\/2\\\/2023\\\/10\\\/piano-tango-yazmina-raies-avatar.png\"},{\"@type\":\"BreadcrumbList\",\"@id\":\"https:\\\/\\\/en.yazminaraies.com\\\/inicio\\\/#breadcrumb\",\"itemListElement\":[{\"@type\":\"ListItem\",\"position\":1,\"name\":\"Inicio\",\"item\":\"https:\\\/\\\/en.yazminaraies.com\\\/en\\\/\"},{\"@type\":\"ListItem\",\"position\":2,\"name\":\"Inicio\"}]},{\"@type\":\"WebSite\",\"@id\":\"https:\\\/\\\/en.yazminaraies.com\\\/en\\\/#website\",\"url\":\"https:\\\/\\\/en.yazminaraies.com\\\/en\\\/\",\"name\":\"Yazmina Raies\",\"description\":\"\",\"publisher\":{\"@id\":\"https:\\\/\\\/en.yazminaraies.com\\\/en\\\/#organization\"},\"potentialAction\":[{\"@type\":\"SearchAction\",\"target\":{\"@type\":\"EntryPoint\",\"urlTemplate\":\"https:\\\/\\\/en.yazminaraies.com\\\/en\\\/?s={search_term_string}\"},\"query-input\":{\"@type\":\"PropertyValueSpecification\",\"valueRequired\":true,\"valueName\":\"search_term_string\"}}],\"inLanguage\":\"en-US\"},{\"@type\":\"Organization\",\"@id\":\"https:\\\/\\\/en.yazminaraies.com\\\/en\\\/#organization\",\"name\":\"Yazmina Raies\",\"url\":\"https:\\\/\\\/en.yazminaraies.com\\\/en\\\/\",\"logo\":{\"@type\":\"ImageObject\",\"inLanguage\":\"en-US\",\"@id\":\"https:\\\/\\\/en.yazminaraies.com\\\/en\\\/#\\\/schema\\\/logo\\\/image\\\/\",\"url\":\"https:\\\/\\\/en.yazminaraies.com\\\/wp-content\\\/uploads\\\/sites\\\/2\\\/2023\\\/10\\\/Yazmina-Raies-LogoFINAL-PNG-1.png\",\"contentUrl\":\"https:\\\/\\\/en.yazminaraies.com\\\/wp-content\\\/uploads\\\/sites\\\/2\\\/2023\\\/10\\\/Yazmina-Raies-LogoFINAL-PNG-1.png\",\"width\":5882,\"height\":1789,\"caption\":\"Yazmina Raies\"},\"image\":{\"@id\":\"https:\\\/\\\/en.yazminaraies.com\\\/en\\\/#\\\/schema\\\/logo\\\/image\\\/\"}}]}<\/script>\n<!-- \/ Yoast SEO plugin. -->","yoast_head_json":{"title":"Inicio - Yazmina Raies","robots":{"index":"index","follow":"follow","max-snippet":"max-snippet:-1","max-image-preview":"max-image-preview:large","max-video-preview":"max-video-preview:-1"},"canonical":"https:\/\/en.yazminaraies.com\/en\/inicio\/","og_locale":"en_US","og_type":"article","og_title":"Inicio - Yazmina Raies","og_description":"YAZMINA RAIES Te acompa\u00f1o en tu viaje a trav\u00e9s del tango y el piano con mis recursos y metodolog\u00eda. Descarga tu partitura gratuita Y comienza tu viaje en este g\u00e9nero Aprende a tocar piano tango Libros, Cursos y Play Along para todos los niveles CONOCE MIS SERVICIOS Composici\u00f3n, contrataciones y sesiones 1 a 1 Instagram [&hellip;]","og_url":"https:\/\/en.yazminaraies.com\/en\/inicio\/","og_site_name":"Yazmina Raies","article_modified_time":"2025-10-13T12:01:20+00:00","og_image":[{"width":154,"height":166,"url":"https:\/\/en.yazminaraies.com\/wp-content\/uploads\/sites\/2\/2023\/10\/piano-tango-yazmina-raies-avatar.png","type":"image\/png"}],"twitter_card":"summary_large_image","twitter_misc":{"Est. reading time":"1 minute"},"schema":{"@context":"https:\/\/schema.org","@graph":[{"@type":"WebPage","@id":"https:\/\/en.yazminaraies.com\/inicio\/","url":"https:\/\/en.yazminaraies.com\/inicio\/","name":"Inicio - Yazmina Raies","isPartOf":{"@id":"https:\/\/en.yazminaraies.com\/en\/#website"},"primaryImageOfPage":{"@id":"https:\/\/en.yazminaraies.com\/inicio\/#primaryimage"},"image":{"@id":"https:\/\/en.yazminaraies.com\/inicio\/#primaryimage"},"thumbnailUrl":"https:\/\/en.yazminaraies.com\/wp-content\/uploads\/sites\/2\/2023\/10\/piano-tango-yazmina-raies-avatar.png","datePublished":"2023-01-01T03:00:45+00:00","dateModified":"2025-10-13T12:01:20+00:00","breadcrumb":{"@id":"https:\/\/en.yazminaraies.com\/inicio\/#breadcrumb"},"inLanguage":"en-US","potentialAction":[{"@type":"ReadAction","target":["https:\/\/en.yazminaraies.com\/inicio\/"]}]},{"@type":"ImageObject","inLanguage":"en-US","@id":"https:\/\/en.yazminaraies.com\/inicio\/#primaryimage","url":"https:\/\/en.yazminaraies.com\/wp-content\/uploads\/sites\/2\/2023\/10\/piano-tango-yazmina-raies-avatar.png","contentUrl":"https:\/\/en.yazminaraies.com\/wp-content\/uploads\/sites\/2\/2023\/10\/piano-tango-yazmina-raies-avatar.png"},{"@type":"BreadcrumbList","@id":"https:\/\/en.yazminaraies.com\/inicio\/#breadcrumb","itemListElement":[{"@type":"ListItem","position":1,"name":"Inicio","item":"https:\/\/en.yazminaraies.com\/en\/"},{"@type":"ListItem","position":2,"name":"Inicio"}]},{"@type":"WebSite","@id":"https:\/\/en.yazminaraies.com\/en\/#website","url":"https:\/\/en.yazminaraies.com\/en\/","name":"Yazmina Raies","description":"","publisher":{"@id":"https:\/\/en.yazminaraies.com\/en\/#organization"},"potentialAction":[{"@type":"SearchAction","target":{"@type":"EntryPoint","urlTemplate":"https:\/\/en.yazminaraies.com\/en\/?s={search_term_string}"},"query-input":{"@type":"PropertyValueSpecification","valueRequired":true,"valueName":"search_term_string"}}],"inLanguage":"en-US"},{"@type":"Organization","@id":"https:\/\/en.yazminaraies.com\/en\/#organization","name":"Yazmina Raies","url":"https:\/\/en.yazminaraies.com\/en\/","logo":{"@type":"ImageObject","inLanguage":"en-US","@id":"https:\/\/en.yazminaraies.com\/en\/#\/schema\/logo\/image\/","url":"https:\/\/en.yazminaraies.com\/wp-content\/uploads\/sites\/2\/2023\/10\/Yazmina-Raies-LogoFINAL-PNG-1.png","contentUrl":"https:\/\/en.yazminaraies.com\/wp-content\/uploads\/sites\/2\/2023\/10\/Yazmina-Raies-LogoFINAL-PNG-1.png","width":5882,"height":1789,"caption":"Yazmina Raies"},"image":{"@id":"https:\/\/en.yazminaraies.com\/en\/#\/schema\/logo\/image\/"}}]}},"_links":{"self":[{"href":"https:\/\/en.yazminaraies.com\/en\/wp-json\/wp\/v2\/pages\/20","targetHints":{"allow":["GET"]}}],"collection":[{"href":"https:\/\/en.yazminaraies.com\/en\/wp-json\/wp\/v2\/pages"}],"about":[{"href":"https:\/\/en.yazminaraies.com\/en\/wp-json\/wp\/v2\/types\/page"}],"author":[{"embeddable":true,"href":"https:\/\/en.yazminaraies.com\/en\/wp-json\/wp\/v2\/users\/1"}],"replies":[{"embeddable":true,"href":"https:\/\/en.yazminaraies.com\/en\/wp-json\/wp\/v2\/comments?post=20"}],"version-history":[{"count":187,"href":"https:\/\/en.yazminaraies.com\/en\/wp-json\/wp\/v2\/pages\/20\/revisions"}],"predecessor-version":[{"id":2532,"href":"https:\/\/en.yazminaraies.com\/en\/wp-json\/wp\/v2\/pages\/20\/revisions\/2532"}],"wp:attachment":[{"href":"https:\/\/en.yazminaraies.com\/en\/wp-json\/wp\/v2\/media?parent=20"}],"curies":[{"name":"wp","href":"https:\/\/api.w.org\/{rel}","templated":true}]}}