{"id":1719,"date":"2023-12-17T09:10:07","date_gmt":"2023-12-17T12:10:07","guid":{"rendered":"https:\/\/en.yazminaraies.com\/?post_type=product&#038;p=1719"},"modified":"2024-09-11T16:33:59","modified_gmt":"2024-09-11T19:33:59","slug":"piano-tango-para-intermedios","status":"publish","type":"product","link":"https:\/\/en.yazminaraies.com\/en\/product\/piano-tango-para-intermedios\/","title":{"rendered":"Piano Tango Intermediate (PDF)"},"content":{"rendered":"<p>The arrangements in this book are for those who have a few years of piano playing experience and wish to explore a new genre and expand their repertoire.<\/p>\n<p>Listen to the arrangements of this book, here: <a href=\"https:\/\/www.youtube.com\/watch?v=TygWIEWYJ2s&amp;list=PLlxd4dV6TvxvLgiZMdLrUCCUr7NCv1Xgt\">Arrangements<\/a><\/p>\n<ol>\n<li>Campo Afuera<\/li>\n<li>La Cumparsita<\/li>\n<li>Sur<\/li>\n<li>Flor de Lino<\/li>\n<li>El Choclo<\/li>\n<li>Tarde<\/li>\n<li>Milonga de mis Amores<\/li>\n<li>Uno<\/li>\n<li>Adi\u00f3s Nonino<\/li>\n<li>La Yumba<\/li>\n<li>Quejas de bandoen\u00f3n<\/li>\n<li>Comme il faut<\/li>\n<\/ol>","protected":false},"excerpt":{"rendered":"<p>Los arreglos de este libro son para quien tiene unos a\u00f1os de experiencia tocando piano y desee incursionar en un nuevo g\u00e9nero y as\u00ed ampliar su repertorio. Escuch\u00e1 los arreglos de este libro, ac\u00e1: Arreglos Campo Afuera La Cumparsita Sur Flor de Lino El Choclo Tarde Milonga de mis Amores Uno Adi\u00f3s Nonino La Yumba [&hellip;]<\/p>\n","protected":false},"featured_media":2074,"comment_status":"open","ping_status":"closed","template":"","meta":[],"product_brand":[],"product_cat":[21],"product_tag":[32],"class_list":{"0":"post-1719","1":"product","2":"type-product","3":"status-publish","4":"has-post-thumbnail","6":"product_cat-libros","7":"product_tag-intermedios","9":"first","10":"instock","11":"downloadable","12":"virtual","13":"purchasable","14":"product-type-simple"},"yoast_head":"<!-- This site is optimized with the Yoast SEO plugin v26.9 - https:\/\/yoast.com\/product\/yoast-seo-wordpress\/ -->\n<title>Piano Tango Intermedios (PDF) - Yazmina Raies<\/title>\n<meta name=\"robots\" content=\"index, follow, max-snippet:-1, max-image-preview:large, max-video-preview:-1\" \/>\n<link rel=\"canonical\" href=\"https:\/\/en.yazminaraies.com\/en\/product\/piano-tango-para-intermedios\/\" \/>\n<meta property=\"og:locale\" content=\"en_US\" \/>\n<meta property=\"og:type\" content=\"article\" \/>\n<meta property=\"og:title\" content=\"Piano Tango Intermedios (PDF) - Yazmina Raies\" \/>\n<meta property=\"og:description\" content=\"Los arreglos de este libro son para quien tiene unos a\u00f1os de experiencia tocando piano y desee incursionar en un nuevo g\u00e9nero y as\u00ed ampliar su repertorio. Escuch\u00e1 los arreglos de este libro, ac\u00e1: Arreglos Campo Afuera La Cumparsita Sur Flor de Lino El Choclo Tarde Milonga de mis Amores Uno Adi\u00f3s Nonino La Yumba [&hellip;]\" \/>\n<meta property=\"og:url\" content=\"https:\/\/en.yazminaraies.com\/en\/product\/piano-tango-para-intermedios\/\" \/>\n<meta property=\"og:site_name\" content=\"Yazmina Raies\" \/>\n<meta property=\"article:modified_time\" content=\"2024-09-11T19:33:59+00:00\" \/>\n<meta property=\"og:image\" content=\"https:\/\/en.yazminaraies.com\/wp-content\/uploads\/sites\/2\/2023\/12\/Intermedios.png\" \/>\n\t<meta property=\"og:image:width\" content=\"2000\" \/>\n\t<meta property=\"og:image:height\" content=\"2000\" \/>\n\t<meta property=\"og:image:type\" content=\"image\/png\" \/>\n<meta name=\"twitter:card\" content=\"summary_large_image\" \/>\n<script type=\"application\/ld+json\" class=\"yoast-schema-graph\">{\"@context\":\"https:\/\/schema.org\",\"@graph\":[{\"@type\":\"WebPage\",\"@id\":\"https:\/\/en.yazminaraies.com\/producto\/piano-tango-para-intermedios\/\",\"url\":\"https:\/\/en.yazminaraies.com\/producto\/piano-tango-para-intermedios\/\",\"name\":\"Piano Tango Intermedios (PDF) - Yazmina Raies\",\"isPartOf\":{\"@id\":\"https:\/\/en.yazminaraies.com\/en\/#website\"},\"primaryImageOfPage\":{\"@id\":\"https:\/\/en.yazminaraies.com\/producto\/piano-tango-para-intermedios\/#primaryimage\"},\"image\":{\"@id\":\"https:\/\/en.yazminaraies.com\/producto\/piano-tango-para-intermedios\/#primaryimage\"},\"thumbnailUrl\":\"https:\/\/en.yazminaraies.com\/wp-content\/uploads\/sites\/2\/2023\/12\/Intermedios.png\",\"datePublished\":\"2023-12-17T12:10:07+00:00\",\"dateModified\":\"2024-09-11T19:33:59+00:00\",\"breadcrumb\":{\"@id\":\"https:\/\/en.yazminaraies.com\/producto\/piano-tango-para-intermedios\/#breadcrumb\"},\"inLanguage\":\"en-US\",\"potentialAction\":[{\"@type\":\"ReadAction\",\"target\":[\"https:\/\/en.yazminaraies.com\/producto\/piano-tango-para-intermedios\/\"]}]},{\"@type\":\"ImageObject\",\"inLanguage\":\"en-US\",\"@id\":\"https:\/\/en.yazminaraies.com\/producto\/piano-tango-para-intermedios\/#primaryimage\",\"url\":\"https:\/\/en.yazminaraies.com\/wp-content\/uploads\/sites\/2\/2023\/12\/Intermedios.png\",\"contentUrl\":\"https:\/\/en.yazminaraies.com\/wp-content\/uploads\/sites\/2\/2023\/12\/Intermedios.png\",\"width\":2000,\"height\":2000},{\"@type\":\"BreadcrumbList\",\"@id\":\"https:\/\/en.yazminaraies.com\/producto\/piano-tango-para-intermedios\/#breadcrumb\",\"itemListElement\":[{\"@type\":\"ListItem\",\"position\":1,\"name\":\"Inicio\",\"item\":\"https:\/\/en.yazminaraies.com\/en\/\"},{\"@type\":\"ListItem\",\"position\":2,\"name\":\"Shop\",\"item\":\"https:\/\/en.yazminaraies.com\/en\/tienda\/\"},{\"@type\":\"ListItem\",\"position\":3,\"name\":\"Piano Tango Intermedios (PDF)\"}]},{\"@type\":\"WebSite\",\"@id\":\"https:\/\/en.yazminaraies.com\/en\/#website\",\"url\":\"https:\/\/en.yazminaraies.com\/en\/\",\"name\":\"Yazmina Raies\",\"description\":\"\",\"publisher\":{\"@id\":\"https:\/\/en.yazminaraies.com\/en\/#organization\"},\"potentialAction\":[{\"@type\":\"SearchAction\",\"target\":{\"@type\":\"EntryPoint\",\"urlTemplate\":\"https:\/\/en.yazminaraies.com\/en\/?s={search_term_string}\"},\"query-input\":{\"@type\":\"PropertyValueSpecification\",\"valueRequired\":true,\"valueName\":\"search_term_string\"}}],\"inLanguage\":\"en-US\"},{\"@type\":\"Organization\",\"@id\":\"https:\/\/en.yazminaraies.com\/en\/#organization\",\"name\":\"Yazmina Raies\",\"url\":\"https:\/\/en.yazminaraies.com\/en\/\",\"logo\":{\"@type\":\"ImageObject\",\"inLanguage\":\"en-US\",\"@id\":\"https:\/\/en.yazminaraies.com\/en\/#\/schema\/logo\/image\/\",\"url\":\"https:\/\/en.yazminaraies.com\/wp-content\/uploads\/sites\/2\/2023\/10\/Yazmina-Raies-LogoFINAL-PNG-1.png\",\"contentUrl\":\"https:\/\/en.yazminaraies.com\/wp-content\/uploads\/sites\/2\/2023\/10\/Yazmina-Raies-LogoFINAL-PNG-1.png\",\"width\":5882,\"height\":1789,\"caption\":\"Yazmina Raies\"},\"image\":{\"@id\":\"https:\/\/en.yazminaraies.com\/en\/#\/schema\/logo\/image\/\"}}]}<\/script>\n<!-- \/ Yoast SEO plugin. -->","yoast_head_json":{"title":"Piano Tango Intermedios (PDF) - Yazmina Raies","robots":{"index":"index","follow":"follow","max-snippet":"max-snippet:-1","max-image-preview":"max-image-preview:large","max-video-preview":"max-video-preview:-1"},"canonical":"https:\/\/en.yazminaraies.com\/en\/product\/piano-tango-para-intermedios\/","og_locale":"en_US","og_type":"article","og_title":"Piano Tango Intermedios (PDF) - Yazmina Raies","og_description":"Los arreglos de este libro son para quien tiene unos a\u00f1os de experiencia tocando piano y desee incursionar en un nuevo g\u00e9nero y as\u00ed ampliar su repertorio. Escuch\u00e1 los arreglos de este libro, ac\u00e1: Arreglos Campo Afuera La Cumparsita Sur Flor de Lino El Choclo Tarde Milonga de mis Amores Uno Adi\u00f3s Nonino La Yumba [&hellip;]","og_url":"https:\/\/en.yazminaraies.com\/en\/product\/piano-tango-para-intermedios\/","og_site_name":"Yazmina Raies","article_modified_time":"2024-09-11T19:33:59+00:00","og_image":[{"width":2000,"height":2000,"url":"https:\/\/en.yazminaraies.com\/wp-content\/uploads\/sites\/2\/2023\/12\/Intermedios.png","type":"image\/png"}],"twitter_card":"summary_large_image","schema":{"@context":"https:\/\/schema.org","@graph":[{"@type":"WebPage","@id":"https:\/\/en.yazminaraies.com\/producto\/piano-tango-para-intermedios\/","url":"https:\/\/en.yazminaraies.com\/producto\/piano-tango-para-intermedios\/","name":"Piano Tango Intermedios (PDF) - Yazmina Raies","isPartOf":{"@id":"https:\/\/en.yazminaraies.com\/en\/#website"},"primaryImageOfPage":{"@id":"https:\/\/en.yazminaraies.com\/producto\/piano-tango-para-intermedios\/#primaryimage"},"image":{"@id":"https:\/\/en.yazminaraies.com\/producto\/piano-tango-para-intermedios\/#primaryimage"},"thumbnailUrl":"https:\/\/en.yazminaraies.com\/wp-content\/uploads\/sites\/2\/2023\/12\/Intermedios.png","datePublished":"2023-12-17T12:10:07+00:00","dateModified":"2024-09-11T19:33:59+00:00","breadcrumb":{"@id":"https:\/\/en.yazminaraies.com\/producto\/piano-tango-para-intermedios\/#breadcrumb"},"inLanguage":"en-US","potentialAction":[{"@type":"ReadAction","target":["https:\/\/en.yazminaraies.com\/producto\/piano-tango-para-intermedios\/"]}]},{"@type":"ImageObject","inLanguage":"en-US","@id":"https:\/\/en.yazminaraies.com\/producto\/piano-tango-para-intermedios\/#primaryimage","url":"https:\/\/en.yazminaraies.com\/wp-content\/uploads\/sites\/2\/2023\/12\/Intermedios.png","contentUrl":"https:\/\/en.yazminaraies.com\/wp-content\/uploads\/sites\/2\/2023\/12\/Intermedios.png","width":2000,"height":2000},{"@type":"BreadcrumbList","@id":"https:\/\/en.yazminaraies.com\/producto\/piano-tango-para-intermedios\/#breadcrumb","itemListElement":[{"@type":"ListItem","position":1,"name":"Inicio","item":"https:\/\/en.yazminaraies.com\/en\/"},{"@type":"ListItem","position":2,"name":"Shop","item":"https:\/\/en.yazminaraies.com\/en\/tienda\/"},{"@type":"ListItem","position":3,"name":"Piano Tango Intermedios (PDF)"}]},{"@type":"WebSite","@id":"https:\/\/en.yazminaraies.com\/en\/#website","url":"https:\/\/en.yazminaraies.com\/en\/","name":"Yazmina Raies","description":"","publisher":{"@id":"https:\/\/en.yazminaraies.com\/en\/#organization"},"potentialAction":[{"@type":"SearchAction","target":{"@type":"EntryPoint","urlTemplate":"https:\/\/en.yazminaraies.com\/en\/?s={search_term_string}"},"query-input":{"@type":"PropertyValueSpecification","valueRequired":true,"valueName":"search_term_string"}}],"inLanguage":"en-US"},{"@type":"Organization","@id":"https:\/\/en.yazminaraies.com\/en\/#organization","name":"Yazmina Raies","url":"https:\/\/en.yazminaraies.com\/en\/","logo":{"@type":"ImageObject","inLanguage":"en-US","@id":"https:\/\/en.yazminaraies.com\/en\/#\/schema\/logo\/image\/","url":"https:\/\/en.yazminaraies.com\/wp-content\/uploads\/sites\/2\/2023\/10\/Yazmina-Raies-LogoFINAL-PNG-1.png","contentUrl":"https:\/\/en.yazminaraies.com\/wp-content\/uploads\/sites\/2\/2023\/10\/Yazmina-Raies-LogoFINAL-PNG-1.png","width":5882,"height":1789,"caption":"Yazmina Raies"},"image":{"@id":"https:\/\/en.yazminaraies.com\/en\/#\/schema\/logo\/image\/"}}]}},"_links":{"self":[{"href":"https:\/\/en.yazminaraies.com\/en\/wp-json\/wp\/v2\/product\/1719","targetHints":{"allow":["GET"]}}],"collection":[{"href":"https:\/\/en.yazminaraies.com\/en\/wp-json\/wp\/v2\/product"}],"about":[{"href":"https:\/\/en.yazminaraies.com\/en\/wp-json\/wp\/v2\/types\/product"}],"replies":[{"embeddable":true,"href":"https:\/\/en.yazminaraies.com\/en\/wp-json\/wp\/v2\/comments?post=1719"}],"wp:featuredmedia":[{"embeddable":true,"href":"https:\/\/en.yazminaraies.com\/en\/wp-json\/wp\/v2\/media\/2074"}],"wp:attachment":[{"href":"https:\/\/en.yazminaraies.com\/en\/wp-json\/wp\/v2\/media?parent=1719"}],"wp:term":[{"taxonomy":"product_brand","embeddable":true,"href":"https:\/\/en.yazminaraies.com\/en\/wp-json\/wp\/v2\/product_brand?post=1719"},{"taxonomy":"product_cat","embeddable":true,"href":"https:\/\/en.yazminaraies.com\/en\/wp-json\/wp\/v2\/product_cat?post=1719"},{"taxonomy":"product_tag","embeddable":true,"href":"https:\/\/en.yazminaraies.com\/en\/wp-json\/wp\/v2\/product_tag?post=1719"}],"curies":[{"name":"wp","href":"https:\/\/api.w.org\/{rel}","templated":true}]}}