{"id":1723,"date":"2023-12-19T09:10:07","date_gmt":"2023-12-19T12:10:07","guid":{"rendered":"https:\/\/en.yazminaraies.com\/?post_type=product&#038;p=1723"},"modified":"2024-06-16T14:05:47","modified_gmt":"2024-06-16T17:05:47","slug":"de-unadigital","status":"publish","type":"product","link":"https:\/\/en.yazminaraies.com\/en\/product\/de-unadigital\/","title":{"rendered":"\u00a1De una!(digital)"},"content":{"rendered":"<div class=\"elementor-element elementor-element-c4058b1 elementor-widget elementor-widget-text-editor\" data-id=\"c4058b1\" data-element_type=\"widget\" data-widget_type=\"text-editor.default\">\n<div class=\"elementor-widget-container\">\n<p>First album | 2021<\/p>\n<p>(ESP) Lleva ese nombre ya que fue grabado en una sola toma y sin edici\u00f3n. El disco est\u00e1 conformado por arreglos propios del repertorio cl\u00e1sico e incluye adem\u00e1s composiciones propias y contempor\u00e1neas.<\/p>\n<p>(ENG) It is named \u00abDe Una\u00bb because it was recorded in a single take and without any editing. The album is made up of our own arrangements of the classical repertoire and also includes our own contemporary compositions.<\/p>\n<\/div>\n<\/div>","protected":false},"excerpt":{"rendered":"<p>Primer disco | 2021 (ESP) Lleva ese nombre ya que fue grabado en una sola toma y sin edici\u00f3n. El disco est\u00e1 conformado por arreglos propios del repertorio cl\u00e1sico e incluye adem\u00e1s composiciones propias y contempor\u00e1neas. (ENG) It is named \u00abDe Una\u00bb because it was recorded in a single take and without any editing. The [&hellip;]<\/p>\n","protected":false},"featured_media":1742,"comment_status":"open","ping_status":"closed","template":"","meta":[],"product_brand":[],"product_cat":[35,34],"product_tag":[],"class_list":{"0":"post-1723","1":"product","2":"type-product","3":"status-publish","4":"has-post-thumbnail","6":"product_cat-digital-discos","7":"product_cat-discos","8":"product_shipping_class-unico","10":"first","11":"instock","12":"downloadable","13":"shipping-taxable","14":"purchasable","15":"product-type-simple"},"yoast_head":"<!-- This site is optimized with the Yoast SEO plugin v26.9 - https:\/\/yoast.com\/product\/yoast-seo-wordpress\/ -->\n<title>\u00a1De una!(digital) - Yazmina Raies<\/title>\n<meta name=\"robots\" content=\"index, follow, max-snippet:-1, max-image-preview:large, max-video-preview:-1\" \/>\n<link rel=\"canonical\" href=\"https:\/\/en.yazminaraies.com\/en\/product\/de-unadigital\/\" \/>\n<meta property=\"og:locale\" content=\"en_US\" \/>\n<meta property=\"og:type\" content=\"article\" \/>\n<meta property=\"og:title\" content=\"\u00a1De una!(digital) - Yazmina Raies\" \/>\n<meta property=\"og:description\" content=\"Primer disco | 2021 (ESP) Lleva ese nombre ya que fue grabado en una sola toma y sin edici\u00f3n. El disco est\u00e1 conformado por arreglos propios del repertorio cl\u00e1sico e incluye adem\u00e1s composiciones propias y contempor\u00e1neas. (ENG) It is named \u00abDe Una\u00bb because it was recorded in a single take and without any editing. The [&hellip;]\" \/>\n<meta property=\"og:url\" content=\"https:\/\/en.yazminaraies.com\/en\/product\/de-unadigital\/\" \/>\n<meta property=\"og:site_name\" content=\"Yazmina Raies\" \/>\n<meta property=\"article:modified_time\" content=\"2024-06-16T17:05:47+00:00\" \/>\n<meta property=\"og:image\" content=\"https:\/\/en.yazminaraies.com\/wp-content\/uploads\/sites\/2\/2023\/12\/Tapa-\u00a1De-una-Disco-Trio.jpg\" \/>\n\t<meta property=\"og:image:width\" content=\"640\" \/>\n\t<meta property=\"og:image:height\" content=\"638\" \/>\n\t<meta property=\"og:image:type\" content=\"image\/jpeg\" \/>\n<meta name=\"twitter:card\" content=\"summary_large_image\" \/>\n<script type=\"application\/ld+json\" class=\"yoast-schema-graph\">{\"@context\":\"https:\/\/schema.org\",\"@graph\":[{\"@type\":\"WebPage\",\"@id\":\"https:\/\/en.yazminaraies.com\/en\/product\/de-unadigital\/\",\"url\":\"https:\/\/en.yazminaraies.com\/en\/product\/de-unadigital\/\",\"name\":\"\u00a1De una!(digital) - Yazmina Raies\",\"isPartOf\":{\"@id\":\"https:\/\/en.yazminaraies.com\/en\/#website\"},\"primaryImageOfPage\":{\"@id\":\"https:\/\/en.yazminaraies.com\/en\/product\/de-unadigital\/#primaryimage\"},\"image\":{\"@id\":\"https:\/\/en.yazminaraies.com\/en\/product\/de-unadigital\/#primaryimage\"},\"thumbnailUrl\":\"https:\/\/en.yazminaraies.com\/wp-content\/uploads\/sites\/2\/2023\/12\/Tapa-\u00a1De-una-Disco-Trio.jpg\",\"datePublished\":\"2023-12-19T12:10:07+00:00\",\"dateModified\":\"2024-06-16T17:05:47+00:00\",\"breadcrumb\":{\"@id\":\"https:\/\/en.yazminaraies.com\/en\/product\/de-unadigital\/#breadcrumb\"},\"inLanguage\":\"en-US\",\"potentialAction\":[{\"@type\":\"ReadAction\",\"target\":[\"https:\/\/en.yazminaraies.com\/en\/product\/de-unadigital\/\"]}]},{\"@type\":\"ImageObject\",\"inLanguage\":\"en-US\",\"@id\":\"https:\/\/en.yazminaraies.com\/en\/product\/de-unadigital\/#primaryimage\",\"url\":\"https:\/\/en.yazminaraies.com\/wp-content\/uploads\/sites\/2\/2023\/12\/Tapa-\u00a1De-una-Disco-Trio.jpg\",\"contentUrl\":\"https:\/\/en.yazminaraies.com\/wp-content\/uploads\/sites\/2\/2023\/12\/Tapa-\u00a1De-una-Disco-Trio.jpg\",\"width\":640,\"height\":638},{\"@type\":\"BreadcrumbList\",\"@id\":\"https:\/\/en.yazminaraies.com\/en\/product\/de-unadigital\/#breadcrumb\",\"itemListElement\":[{\"@type\":\"ListItem\",\"position\":1,\"name\":\"Inicio\",\"item\":\"https:\/\/en.yazminaraies.com\/en\/\"},{\"@type\":\"ListItem\",\"position\":2,\"name\":\"Shop\",\"item\":\"https:\/\/en.yazminaraies.com\/en\/tienda\/\"},{\"@type\":\"ListItem\",\"position\":3,\"name\":\"\u00a1De una!(digital)\"}]},{\"@type\":\"WebSite\",\"@id\":\"https:\/\/en.yazminaraies.com\/en\/#website\",\"url\":\"https:\/\/en.yazminaraies.com\/en\/\",\"name\":\"Yazmina Raies\",\"description\":\"\",\"publisher\":{\"@id\":\"https:\/\/en.yazminaraies.com\/en\/#organization\"},\"potentialAction\":[{\"@type\":\"SearchAction\",\"target\":{\"@type\":\"EntryPoint\",\"urlTemplate\":\"https:\/\/en.yazminaraies.com\/en\/?s={search_term_string}\"},\"query-input\":{\"@type\":\"PropertyValueSpecification\",\"valueRequired\":true,\"valueName\":\"search_term_string\"}}],\"inLanguage\":\"en-US\"},{\"@type\":\"Organization\",\"@id\":\"https:\/\/en.yazminaraies.com\/en\/#organization\",\"name\":\"Yazmina Raies\",\"url\":\"https:\/\/en.yazminaraies.com\/en\/\",\"logo\":{\"@type\":\"ImageObject\",\"inLanguage\":\"en-US\",\"@id\":\"https:\/\/en.yazminaraies.com\/en\/#\/schema\/logo\/image\/\",\"url\":\"https:\/\/en.yazminaraies.com\/wp-content\/uploads\/sites\/2\/2023\/10\/Yazmina-Raies-LogoFINAL-PNG-1.png\",\"contentUrl\":\"https:\/\/en.yazminaraies.com\/wp-content\/uploads\/sites\/2\/2023\/10\/Yazmina-Raies-LogoFINAL-PNG-1.png\",\"width\":5882,\"height\":1789,\"caption\":\"Yazmina Raies\"},\"image\":{\"@id\":\"https:\/\/en.yazminaraies.com\/en\/#\/schema\/logo\/image\/\"}}]}<\/script>\n<!-- \/ Yoast SEO plugin. -->","yoast_head_json":{"title":"\u00a1De una!(digital) - Yazmina Raies","robots":{"index":"index","follow":"follow","max-snippet":"max-snippet:-1","max-image-preview":"max-image-preview:large","max-video-preview":"max-video-preview:-1"},"canonical":"https:\/\/en.yazminaraies.com\/en\/product\/de-unadigital\/","og_locale":"en_US","og_type":"article","og_title":"\u00a1De una!(digital) - Yazmina Raies","og_description":"Primer disco | 2021 (ESP) Lleva ese nombre ya que fue grabado en una sola toma y sin edici\u00f3n. El disco est\u00e1 conformado por arreglos propios del repertorio cl\u00e1sico e incluye adem\u00e1s composiciones propias y contempor\u00e1neas. (ENG) It is named \u00abDe Una\u00bb because it was recorded in a single take and without any editing. The [&hellip;]","og_url":"https:\/\/en.yazminaraies.com\/en\/product\/de-unadigital\/","og_site_name":"Yazmina Raies","article_modified_time":"2024-06-16T17:05:47+00:00","og_image":[{"width":640,"height":638,"url":"https:\/\/en.yazminaraies.com\/wp-content\/uploads\/sites\/2\/2023\/12\/Tapa-\u00a1De-una-Disco-Trio.jpg","type":"image\/jpeg"}],"twitter_card":"summary_large_image","schema":{"@context":"https:\/\/schema.org","@graph":[{"@type":"WebPage","@id":"https:\/\/en.yazminaraies.com\/en\/product\/de-unadigital\/","url":"https:\/\/en.yazminaraies.com\/en\/product\/de-unadigital\/","name":"\u00a1De una!(digital) - Yazmina Raies","isPartOf":{"@id":"https:\/\/en.yazminaraies.com\/en\/#website"},"primaryImageOfPage":{"@id":"https:\/\/en.yazminaraies.com\/en\/product\/de-unadigital\/#primaryimage"},"image":{"@id":"https:\/\/en.yazminaraies.com\/en\/product\/de-unadigital\/#primaryimage"},"thumbnailUrl":"https:\/\/en.yazminaraies.com\/wp-content\/uploads\/sites\/2\/2023\/12\/Tapa-\u00a1De-una-Disco-Trio.jpg","datePublished":"2023-12-19T12:10:07+00:00","dateModified":"2024-06-16T17:05:47+00:00","breadcrumb":{"@id":"https:\/\/en.yazminaraies.com\/en\/product\/de-unadigital\/#breadcrumb"},"inLanguage":"en-US","potentialAction":[{"@type":"ReadAction","target":["https:\/\/en.yazminaraies.com\/en\/product\/de-unadigital\/"]}]},{"@type":"ImageObject","inLanguage":"en-US","@id":"https:\/\/en.yazminaraies.com\/en\/product\/de-unadigital\/#primaryimage","url":"https:\/\/en.yazminaraies.com\/wp-content\/uploads\/sites\/2\/2023\/12\/Tapa-\u00a1De-una-Disco-Trio.jpg","contentUrl":"https:\/\/en.yazminaraies.com\/wp-content\/uploads\/sites\/2\/2023\/12\/Tapa-\u00a1De-una-Disco-Trio.jpg","width":640,"height":638},{"@type":"BreadcrumbList","@id":"https:\/\/en.yazminaraies.com\/en\/product\/de-unadigital\/#breadcrumb","itemListElement":[{"@type":"ListItem","position":1,"name":"Inicio","item":"https:\/\/en.yazminaraies.com\/en\/"},{"@type":"ListItem","position":2,"name":"Shop","item":"https:\/\/en.yazminaraies.com\/en\/tienda\/"},{"@type":"ListItem","position":3,"name":"\u00a1De una!(digital)"}]},{"@type":"WebSite","@id":"https:\/\/en.yazminaraies.com\/en\/#website","url":"https:\/\/en.yazminaraies.com\/en\/","name":"Yazmina Raies","description":"","publisher":{"@id":"https:\/\/en.yazminaraies.com\/en\/#organization"},"potentialAction":[{"@type":"SearchAction","target":{"@type":"EntryPoint","urlTemplate":"https:\/\/en.yazminaraies.com\/en\/?s={search_term_string}"},"query-input":{"@type":"PropertyValueSpecification","valueRequired":true,"valueName":"search_term_string"}}],"inLanguage":"en-US"},{"@type":"Organization","@id":"https:\/\/en.yazminaraies.com\/en\/#organization","name":"Yazmina Raies","url":"https:\/\/en.yazminaraies.com\/en\/","logo":{"@type":"ImageObject","inLanguage":"en-US","@id":"https:\/\/en.yazminaraies.com\/en\/#\/schema\/logo\/image\/","url":"https:\/\/en.yazminaraies.com\/wp-content\/uploads\/sites\/2\/2023\/10\/Yazmina-Raies-LogoFINAL-PNG-1.png","contentUrl":"https:\/\/en.yazminaraies.com\/wp-content\/uploads\/sites\/2\/2023\/10\/Yazmina-Raies-LogoFINAL-PNG-1.png","width":5882,"height":1789,"caption":"Yazmina Raies"},"image":{"@id":"https:\/\/en.yazminaraies.com\/en\/#\/schema\/logo\/image\/"}}]}},"_links":{"self":[{"href":"https:\/\/en.yazminaraies.com\/en\/wp-json\/wp\/v2\/product\/1723","targetHints":{"allow":["GET"]}}],"collection":[{"href":"https:\/\/en.yazminaraies.com\/en\/wp-json\/wp\/v2\/product"}],"about":[{"href":"https:\/\/en.yazminaraies.com\/en\/wp-json\/wp\/v2\/types\/product"}],"replies":[{"embeddable":true,"href":"https:\/\/en.yazminaraies.com\/en\/wp-json\/wp\/v2\/comments?post=1723"}],"wp:featuredmedia":[{"embeddable":true,"href":"https:\/\/en.yazminaraies.com\/en\/wp-json\/wp\/v2\/media\/1742"}],"wp:attachment":[{"href":"https:\/\/en.yazminaraies.com\/en\/wp-json\/wp\/v2\/media?parent=1723"}],"wp:term":[{"taxonomy":"product_brand","embeddable":true,"href":"https:\/\/en.yazminaraies.com\/en\/wp-json\/wp\/v2\/product_brand?post=1723"},{"taxonomy":"product_cat","embeddable":true,"href":"https:\/\/en.yazminaraies.com\/en\/wp-json\/wp\/v2\/product_cat?post=1723"},{"taxonomy":"product_tag","embeddable":true,"href":"https:\/\/en.yazminaraies.com\/en\/wp-json\/wp\/v2\/product_tag?post=1723"}],"curies":[{"name":"wp","href":"https:\/\/api.w.org\/{rel}","templated":true}]}}