{"id":1725,"date":"2023-12-19T09:10:07","date_gmt":"2023-12-19T12:10:07","guid":{"rendered":"https:\/\/en.yazminaraies.com\/?post_type=product&#038;p=1725"},"modified":"2024-05-15T11:20:31","modified_gmt":"2024-05-15T14:20:31","slug":"al-compas-del-corazon-piano-play-along-descargable","status":"publish","type":"product","link":"https:\/\/en.yazminaraies.com\/en\/product\/al-compas-del-corazon-piano-play-along-descargable\/","title":{"rendered":"Al comp\u00e1s del coraz\u00f3n &#8211; Piano Play Along (Descargable)"},"content":{"rendered":"<p>You can buy your Play Along NOW to have fun playing on the tracks recorded with real instruments!<\/p>\n<p>What do you get?<\/p>\n<ul>\n<li>The score of your instrument written in its group role (accompaniments, solos, tuttis, etc) where you will be able to practice the role your instrument plays in a tango group.<\/li>\n<li>The complete reference track in 2 speeds: slow and real time.<\/li>\n<li>The track without your instrument so you can play on top, also in 2 speeds: slow and real time.<\/li>\n<li>You will receive everything in digital form.<\/li>\n<\/ul>","protected":false},"excerpt":{"rendered":"<p>\u00a1Podes adquirir YA tu Play Along para divertirte tocando sobre las pistas grabadas con instrumentos reales! \u00bfQu\u00e9 vas a obtener? La partitura de tu instrumento escrita en su rol grupal (acompa\u00f1amientos, solos, tuttis, etc) donde podr\u00e1s practicar el rol que tu instrumento cumple en una agrupaci\u00f3n de tango. La pista completa de referencia en 2 [&hellip;]<\/p>\n","protected":false},"featured_media":1744,"comment_status":"open","ping_status":"closed","template":"","meta":[],"product_brand":[],"product_cat":[35,27],"product_tag":[],"class_list":{"0":"post-1725","1":"product","2":"type-product","3":"status-publish","4":"has-post-thumbnail","6":"product_cat-digital-discos","7":"product_cat-play-along","9":"first","10":"instock","11":"downloadable","12":"virtual","13":"purchasable","14":"product-type-simple"},"yoast_head":"<!-- This site is optimized with the Yoast SEO plugin v26.9 - https:\/\/yoast.com\/product\/yoast-seo-wordpress\/ -->\n<title>Al comp\u00e1s del coraz\u00f3n - Piano Play Along (Descargable) - Yazmina Raies<\/title>\n<meta name=\"robots\" content=\"index, follow, max-snippet:-1, max-image-preview:large, max-video-preview:-1\" \/>\n<link rel=\"canonical\" href=\"https:\/\/en.yazminaraies.com\/en\/product\/al-compas-del-corazon-piano-play-along-descargable\/\" \/>\n<meta property=\"og:locale\" content=\"en_US\" \/>\n<meta property=\"og:type\" content=\"article\" \/>\n<meta property=\"og:title\" content=\"Al comp\u00e1s del coraz\u00f3n - Piano Play Along (Descargable) - Yazmina Raies\" \/>\n<meta property=\"og:description\" content=\"\u00a1Podes adquirir YA tu Play Along para divertirte tocando sobre las pistas grabadas con instrumentos reales! \u00bfQu\u00e9 vas a obtener? La partitura de tu instrumento escrita en su rol grupal (acompa\u00f1amientos, solos, tuttis, etc) donde podr\u00e1s practicar el rol que tu instrumento cumple en una agrupaci\u00f3n de tango. La pista completa de referencia en 2 [&hellip;]\" \/>\n<meta property=\"og:url\" content=\"https:\/\/en.yazminaraies.com\/en\/product\/al-compas-del-corazon-piano-play-along-descargable\/\" \/>\n<meta property=\"og:site_name\" content=\"Yazmina Raies\" \/>\n<meta property=\"article:modified_time\" content=\"2024-05-15T14:20:31+00:00\" \/>\n<meta property=\"og:image\" content=\"https:\/\/en.yazminaraies.com\/wp-content\/uploads\/sites\/2\/2023\/12\/2-1.png\" \/>\n\t<meta property=\"og:image:width\" content=\"1080\" \/>\n\t<meta property=\"og:image:height\" content=\"1080\" \/>\n\t<meta property=\"og:image:type\" content=\"image\/png\" \/>\n<meta name=\"twitter:card\" content=\"summary_large_image\" \/>\n<script type=\"application\/ld+json\" class=\"yoast-schema-graph\">{\"@context\":\"https:\/\/schema.org\",\"@graph\":[{\"@type\":\"WebPage\",\"@id\":\"https:\/\/en.yazminaraies.com\/en\/product\/al-compas-del-corazon-piano-play-along-descargable\/\",\"url\":\"https:\/\/en.yazminaraies.com\/en\/product\/al-compas-del-corazon-piano-play-along-descargable\/\",\"name\":\"Al comp\u00e1s del coraz\u00f3n - Piano Play Along (Descargable) - Yazmina Raies\",\"isPartOf\":{\"@id\":\"https:\/\/en.yazminaraies.com\/en\/#website\"},\"primaryImageOfPage\":{\"@id\":\"https:\/\/en.yazminaraies.com\/en\/product\/al-compas-del-corazon-piano-play-along-descargable\/#primaryimage\"},\"image\":{\"@id\":\"https:\/\/en.yazminaraies.com\/en\/product\/al-compas-del-corazon-piano-play-along-descargable\/#primaryimage\"},\"thumbnailUrl\":\"https:\/\/en.yazminaraies.com\/wp-content\/uploads\/sites\/2\/2023\/12\/2-1.png\",\"datePublished\":\"2023-12-19T12:10:07+00:00\",\"dateModified\":\"2024-05-15T14:20:31+00:00\",\"breadcrumb\":{\"@id\":\"https:\/\/en.yazminaraies.com\/en\/product\/al-compas-del-corazon-piano-play-along-descargable\/#breadcrumb\"},\"inLanguage\":\"en-US\",\"potentialAction\":[{\"@type\":\"ReadAction\",\"target\":[\"https:\/\/en.yazminaraies.com\/en\/product\/al-compas-del-corazon-piano-play-along-descargable\/\"]}]},{\"@type\":\"ImageObject\",\"inLanguage\":\"en-US\",\"@id\":\"https:\/\/en.yazminaraies.com\/en\/product\/al-compas-del-corazon-piano-play-along-descargable\/#primaryimage\",\"url\":\"https:\/\/en.yazminaraies.com\/wp-content\/uploads\/sites\/2\/2023\/12\/2-1.png\",\"contentUrl\":\"https:\/\/en.yazminaraies.com\/wp-content\/uploads\/sites\/2\/2023\/12\/2-1.png\",\"width\":1080,\"height\":1080},{\"@type\":\"BreadcrumbList\",\"@id\":\"https:\/\/en.yazminaraies.com\/en\/product\/al-compas-del-corazon-piano-play-along-descargable\/#breadcrumb\",\"itemListElement\":[{\"@type\":\"ListItem\",\"position\":1,\"name\":\"Inicio\",\"item\":\"https:\/\/en.yazminaraies.com\/en\/\"},{\"@type\":\"ListItem\",\"position\":2,\"name\":\"Shop\",\"item\":\"https:\/\/en.yazminaraies.com\/en\/tienda\/\"},{\"@type\":\"ListItem\",\"position\":3,\"name\":\"Al comp\u00e1s del coraz\u00f3n &#8211; Piano Play Along (Descargable)\"}]},{\"@type\":\"WebSite\",\"@id\":\"https:\/\/en.yazminaraies.com\/en\/#website\",\"url\":\"https:\/\/en.yazminaraies.com\/en\/\",\"name\":\"Yazmina Raies\",\"description\":\"\",\"publisher\":{\"@id\":\"https:\/\/en.yazminaraies.com\/en\/#organization\"},\"potentialAction\":[{\"@type\":\"SearchAction\",\"target\":{\"@type\":\"EntryPoint\",\"urlTemplate\":\"https:\/\/en.yazminaraies.com\/en\/?s={search_term_string}\"},\"query-input\":{\"@type\":\"PropertyValueSpecification\",\"valueRequired\":true,\"valueName\":\"search_term_string\"}}],\"inLanguage\":\"en-US\"},{\"@type\":\"Organization\",\"@id\":\"https:\/\/en.yazminaraies.com\/en\/#organization\",\"name\":\"Yazmina Raies\",\"url\":\"https:\/\/en.yazminaraies.com\/en\/\",\"logo\":{\"@type\":\"ImageObject\",\"inLanguage\":\"en-US\",\"@id\":\"https:\/\/en.yazminaraies.com\/en\/#\/schema\/logo\/image\/\",\"url\":\"https:\/\/en.yazminaraies.com\/wp-content\/uploads\/sites\/2\/2023\/10\/Yazmina-Raies-LogoFINAL-PNG-1.png\",\"contentUrl\":\"https:\/\/en.yazminaraies.com\/wp-content\/uploads\/sites\/2\/2023\/10\/Yazmina-Raies-LogoFINAL-PNG-1.png\",\"width\":5882,\"height\":1789,\"caption\":\"Yazmina Raies\"},\"image\":{\"@id\":\"https:\/\/en.yazminaraies.com\/en\/#\/schema\/logo\/image\/\"}}]}<\/script>\n<!-- \/ Yoast SEO plugin. -->","yoast_head_json":{"title":"Al comp\u00e1s del coraz\u00f3n - Piano Play Along (Descargable) - Yazmina Raies","robots":{"index":"index","follow":"follow","max-snippet":"max-snippet:-1","max-image-preview":"max-image-preview:large","max-video-preview":"max-video-preview:-1"},"canonical":"https:\/\/en.yazminaraies.com\/en\/product\/al-compas-del-corazon-piano-play-along-descargable\/","og_locale":"en_US","og_type":"article","og_title":"Al comp\u00e1s del coraz\u00f3n - Piano Play Along (Descargable) - Yazmina Raies","og_description":"\u00a1Podes adquirir YA tu Play Along para divertirte tocando sobre las pistas grabadas con instrumentos reales! \u00bfQu\u00e9 vas a obtener? La partitura de tu instrumento escrita en su rol grupal (acompa\u00f1amientos, solos, tuttis, etc) donde podr\u00e1s practicar el rol que tu instrumento cumple en una agrupaci\u00f3n de tango. La pista completa de referencia en 2 [&hellip;]","og_url":"https:\/\/en.yazminaraies.com\/en\/product\/al-compas-del-corazon-piano-play-along-descargable\/","og_site_name":"Yazmina Raies","article_modified_time":"2024-05-15T14:20:31+00:00","og_image":[{"width":1080,"height":1080,"url":"https:\/\/en.yazminaraies.com\/wp-content\/uploads\/sites\/2\/2023\/12\/2-1.png","type":"image\/png"}],"twitter_card":"summary_large_image","schema":{"@context":"https:\/\/schema.org","@graph":[{"@type":"WebPage","@id":"https:\/\/en.yazminaraies.com\/en\/product\/al-compas-del-corazon-piano-play-along-descargable\/","url":"https:\/\/en.yazminaraies.com\/en\/product\/al-compas-del-corazon-piano-play-along-descargable\/","name":"Al comp\u00e1s del coraz\u00f3n - Piano Play Along (Descargable) - Yazmina Raies","isPartOf":{"@id":"https:\/\/en.yazminaraies.com\/en\/#website"},"primaryImageOfPage":{"@id":"https:\/\/en.yazminaraies.com\/en\/product\/al-compas-del-corazon-piano-play-along-descargable\/#primaryimage"},"image":{"@id":"https:\/\/en.yazminaraies.com\/en\/product\/al-compas-del-corazon-piano-play-along-descargable\/#primaryimage"},"thumbnailUrl":"https:\/\/en.yazminaraies.com\/wp-content\/uploads\/sites\/2\/2023\/12\/2-1.png","datePublished":"2023-12-19T12:10:07+00:00","dateModified":"2024-05-15T14:20:31+00:00","breadcrumb":{"@id":"https:\/\/en.yazminaraies.com\/en\/product\/al-compas-del-corazon-piano-play-along-descargable\/#breadcrumb"},"inLanguage":"en-US","potentialAction":[{"@type":"ReadAction","target":["https:\/\/en.yazminaraies.com\/en\/product\/al-compas-del-corazon-piano-play-along-descargable\/"]}]},{"@type":"ImageObject","inLanguage":"en-US","@id":"https:\/\/en.yazminaraies.com\/en\/product\/al-compas-del-corazon-piano-play-along-descargable\/#primaryimage","url":"https:\/\/en.yazminaraies.com\/wp-content\/uploads\/sites\/2\/2023\/12\/2-1.png","contentUrl":"https:\/\/en.yazminaraies.com\/wp-content\/uploads\/sites\/2\/2023\/12\/2-1.png","width":1080,"height":1080},{"@type":"BreadcrumbList","@id":"https:\/\/en.yazminaraies.com\/en\/product\/al-compas-del-corazon-piano-play-along-descargable\/#breadcrumb","itemListElement":[{"@type":"ListItem","position":1,"name":"Inicio","item":"https:\/\/en.yazminaraies.com\/en\/"},{"@type":"ListItem","position":2,"name":"Shop","item":"https:\/\/en.yazminaraies.com\/en\/tienda\/"},{"@type":"ListItem","position":3,"name":"Al comp\u00e1s del coraz\u00f3n &#8211; Piano Play Along (Descargable)"}]},{"@type":"WebSite","@id":"https:\/\/en.yazminaraies.com\/en\/#website","url":"https:\/\/en.yazminaraies.com\/en\/","name":"Yazmina Raies","description":"","publisher":{"@id":"https:\/\/en.yazminaraies.com\/en\/#organization"},"potentialAction":[{"@type":"SearchAction","target":{"@type":"EntryPoint","urlTemplate":"https:\/\/en.yazminaraies.com\/en\/?s={search_term_string}"},"query-input":{"@type":"PropertyValueSpecification","valueRequired":true,"valueName":"search_term_string"}}],"inLanguage":"en-US"},{"@type":"Organization","@id":"https:\/\/en.yazminaraies.com\/en\/#organization","name":"Yazmina Raies","url":"https:\/\/en.yazminaraies.com\/en\/","logo":{"@type":"ImageObject","inLanguage":"en-US","@id":"https:\/\/en.yazminaraies.com\/en\/#\/schema\/logo\/image\/","url":"https:\/\/en.yazminaraies.com\/wp-content\/uploads\/sites\/2\/2023\/10\/Yazmina-Raies-LogoFINAL-PNG-1.png","contentUrl":"https:\/\/en.yazminaraies.com\/wp-content\/uploads\/sites\/2\/2023\/10\/Yazmina-Raies-LogoFINAL-PNG-1.png","width":5882,"height":1789,"caption":"Yazmina Raies"},"image":{"@id":"https:\/\/en.yazminaraies.com\/en\/#\/schema\/logo\/image\/"}}]}},"_links":{"self":[{"href":"https:\/\/en.yazminaraies.com\/en\/wp-json\/wp\/v2\/product\/1725","targetHints":{"allow":["GET"]}}],"collection":[{"href":"https:\/\/en.yazminaraies.com\/en\/wp-json\/wp\/v2\/product"}],"about":[{"href":"https:\/\/en.yazminaraies.com\/en\/wp-json\/wp\/v2\/types\/product"}],"replies":[{"embeddable":true,"href":"https:\/\/en.yazminaraies.com\/en\/wp-json\/wp\/v2\/comments?post=1725"}],"wp:featuredmedia":[{"embeddable":true,"href":"https:\/\/en.yazminaraies.com\/en\/wp-json\/wp\/v2\/media\/1744"}],"wp:attachment":[{"href":"https:\/\/en.yazminaraies.com\/en\/wp-json\/wp\/v2\/media?parent=1725"}],"wp:term":[{"taxonomy":"product_brand","embeddable":true,"href":"https:\/\/en.yazminaraies.com\/en\/wp-json\/wp\/v2\/product_brand?post=1725"},{"taxonomy":"product_cat","embeddable":true,"href":"https:\/\/en.yazminaraies.com\/en\/wp-json\/wp\/v2\/product_cat?post=1725"},{"taxonomy":"product_tag","embeddable":true,"href":"https:\/\/en.yazminaraies.com\/en\/wp-json\/wp\/v2\/product_tag?post=1725"}],"curies":[{"name":"wp","href":"https:\/\/api.w.org\/{rel}","templated":true}]}}