{"id":2452,"date":"2024-08-11T21:19:51","date_gmt":"2024-08-12T00:19:51","guid":{"rendered":"https:\/\/en.yazminaraies.com\/?post_type=product&#038;p=2452"},"modified":"2024-10-01T01:19:55","modified_gmt":"2024-10-01T04:19:55","slug":"piano-tango-principiantes-vol-2-preventa-35-off","status":"publish","type":"product","link":"https:\/\/en.yazminaraies.com\/en\/product\/piano-tango-principiantes-vol-2-preventa-35-off\/","title":{"rendered":"Piano Tango Principiantes Vol. 2"},"content":{"rendered":"<p><strong><em>\u00a1The Principiantes Vol.2 book arrived!<\/em><\/strong><\/p>\n<p>Aqu\u00ed te dejo la lista de los temas de este nuevo repertorio:<\/p>\n<ul>\n<li><em><strong>Malena<\/strong><\/em><\/li>\n<li><em><strong>Los Mareados<\/strong><\/em><\/li>\n<li><em><strong>Mano a mano<\/strong><\/em><\/li>\n<li><em><strong>Cambalache<\/strong><\/em><\/li>\n<li><em><strong>A media luz<\/strong><\/em><\/li>\n<li><em><strong>Don Juan<\/strong><\/em><\/li>\n<li><em><strong>Tinta roja<\/strong><\/em><\/li>\n<\/ul>\n<p>En esta ocasi\u00f3n los temas traen todos el cifrado de acordes y adem\u00e1s al final encontrar\u00e1s una secci\u00f3n de Notas con hojas pentagramadas para que hagas tus anotaciones.<\/p>\n<p>Espero lo disfrutes mucho.<\/p>","protected":false},"excerpt":{"rendered":"<p>\u00a1Lleg\u00f3 el libro Principiantes Vol. 2! Aqu\u00ed te dejo la lista de los temas de este nuevo repertorio: Malena Los Mareados Mano a mano Cambalache A media luz Don Juan Tinta roja En esta ocasi\u00f3n los temas traen todos el cifrado de acordes y adem\u00e1s al final encontrar\u00e1s una secci\u00f3n de Notas con hojas pentagramadas [&hellip;]<\/p>\n","protected":false},"featured_media":2453,"comment_status":"open","ping_status":"closed","template":"","meta":[],"product_brand":[],"product_cat":[21],"product_tag":[],"class_list":{"0":"post-2452","1":"product","2":"type-product","3":"status-publish","4":"has-post-thumbnail","6":"product_cat-libros","8":"first","9":"instock","10":"downloadable","11":"virtual","12":"purchasable","13":"product-type-simple"},"yoast_head":"<!-- This site is optimized with the Yoast SEO plugin v27.4 - https:\/\/yoast.com\/product\/yoast-seo-wordpress\/ -->\n<title>Piano Tango Principiantes Vol. 2 - Yazmina Raies<\/title>\n<meta name=\"robots\" content=\"index, follow, max-snippet:-1, max-image-preview:large, max-video-preview:-1\" \/>\n<link rel=\"canonical\" href=\"https:\/\/en.yazminaraies.com\/en\/product\/piano-tango-principiantes-vol-2-preventa-35-off\/\" \/>\n<meta property=\"og:locale\" content=\"en_US\" \/>\n<meta property=\"og:type\" content=\"article\" \/>\n<meta property=\"og:title\" content=\"Piano Tango Principiantes Vol. 2 - Yazmina Raies\" \/>\n<meta property=\"og:description\" content=\"\u00a1Lleg\u00f3 el libro Principiantes Vol. 2! Aqu\u00ed te dejo la lista de los temas de este nuevo repertorio: Malena Los Mareados Mano a mano Cambalache A media luz Don Juan Tinta roja En esta ocasi\u00f3n los temas traen todos el cifrado de acordes y adem\u00e1s al final encontrar\u00e1s una secci\u00f3n de Notas con hojas pentagramadas [&hellip;]\" \/>\n<meta property=\"og:url\" content=\"https:\/\/en.yazminaraies.com\/en\/product\/piano-tango-principiantes-vol-2-preventa-35-off\/\" \/>\n<meta property=\"og:site_name\" content=\"Yazmina Raies\" \/>\n<meta property=\"article:modified_time\" content=\"2024-10-01T04:19:55+00:00\" \/>\n<meta property=\"og:image\" content=\"https:\/\/en.yazminaraies.com\/wp-content\/uploads\/sites\/2\/2024\/08\/Piano-Principiantes-Vol-2.png\" \/>\n\t<meta property=\"og:image:width\" content=\"2000\" \/>\n\t<meta property=\"og:image:height\" content=\"2000\" \/>\n\t<meta property=\"og:image:type\" content=\"image\/png\" \/>\n<meta name=\"twitter:card\" content=\"summary_large_image\" \/>\n<script type=\"application\/ld+json\" class=\"yoast-schema-graph\">{\"@context\":\"https:\\\/\\\/schema.org\",\"@graph\":[{\"@type\":\"WebPage\",\"@id\":\"https:\\\/\\\/en.yazminaraies.com\\\/en\\\/product\\\/piano-tango-principiantes-vol-2-preventa-35-off\\\/\",\"url\":\"https:\\\/\\\/en.yazminaraies.com\\\/en\\\/product\\\/piano-tango-principiantes-vol-2-preventa-35-off\\\/\",\"name\":\"Piano Tango Principiantes Vol. 2 - Yazmina Raies\",\"isPartOf\":{\"@id\":\"https:\\\/\\\/en.yazminaraies.com\\\/en\\\/#website\"},\"primaryImageOfPage\":{\"@id\":\"https:\\\/\\\/en.yazminaraies.com\\\/en\\\/product\\\/piano-tango-principiantes-vol-2-preventa-35-off\\\/#primaryimage\"},\"image\":{\"@id\":\"https:\\\/\\\/en.yazminaraies.com\\\/en\\\/product\\\/piano-tango-principiantes-vol-2-preventa-35-off\\\/#primaryimage\"},\"thumbnailUrl\":\"https:\\\/\\\/en.yazminaraies.com\\\/wp-content\\\/uploads\\\/sites\\\/2\\\/2024\\\/08\\\/Piano-Principiantes-Vol-2.png\",\"datePublished\":\"2024-08-12T00:19:51+00:00\",\"dateModified\":\"2024-10-01T04:19:55+00:00\",\"breadcrumb\":{\"@id\":\"https:\\\/\\\/en.yazminaraies.com\\\/en\\\/product\\\/piano-tango-principiantes-vol-2-preventa-35-off\\\/#breadcrumb\"},\"inLanguage\":\"en-US\",\"potentialAction\":[{\"@type\":\"ReadAction\",\"target\":[\"https:\\\/\\\/en.yazminaraies.com\\\/en\\\/product\\\/piano-tango-principiantes-vol-2-preventa-35-off\\\/\"]}]},{\"@type\":\"ImageObject\",\"inLanguage\":\"en-US\",\"@id\":\"https:\\\/\\\/en.yazminaraies.com\\\/en\\\/product\\\/piano-tango-principiantes-vol-2-preventa-35-off\\\/#primaryimage\",\"url\":\"https:\\\/\\\/en.yazminaraies.com\\\/wp-content\\\/uploads\\\/sites\\\/2\\\/2024\\\/08\\\/Piano-Principiantes-Vol-2.png\",\"contentUrl\":\"https:\\\/\\\/en.yazminaraies.com\\\/wp-content\\\/uploads\\\/sites\\\/2\\\/2024\\\/08\\\/Piano-Principiantes-Vol-2.png\",\"width\":2000,\"height\":2000},{\"@type\":\"BreadcrumbList\",\"@id\":\"https:\\\/\\\/en.yazminaraies.com\\\/en\\\/product\\\/piano-tango-principiantes-vol-2-preventa-35-off\\\/#breadcrumb\",\"itemListElement\":[{\"@type\":\"ListItem\",\"position\":1,\"name\":\"Inicio\",\"item\":\"https:\\\/\\\/en.yazminaraies.com\\\/en\\\/\"},{\"@type\":\"ListItem\",\"position\":2,\"name\":\"Shop\",\"item\":\"https:\\\/\\\/en.yazminaraies.com\\\/en\\\/tienda\\\/\"},{\"@type\":\"ListItem\",\"position\":3,\"name\":\"Piano Tango Principiantes Vol. 2\"}]},{\"@type\":\"WebSite\",\"@id\":\"https:\\\/\\\/en.yazminaraies.com\\\/en\\\/#website\",\"url\":\"https:\\\/\\\/en.yazminaraies.com\\\/en\\\/\",\"name\":\"Yazmina Raies\",\"description\":\"\",\"publisher\":{\"@id\":\"https:\\\/\\\/en.yazminaraies.com\\\/en\\\/#organization\"},\"potentialAction\":[{\"@type\":\"SearchAction\",\"target\":{\"@type\":\"EntryPoint\",\"urlTemplate\":\"https:\\\/\\\/en.yazminaraies.com\\\/en\\\/?s={search_term_string}\"},\"query-input\":{\"@type\":\"PropertyValueSpecification\",\"valueRequired\":true,\"valueName\":\"search_term_string\"}}],\"inLanguage\":\"en-US\"},{\"@type\":\"Organization\",\"@id\":\"https:\\\/\\\/en.yazminaraies.com\\\/en\\\/#organization\",\"name\":\"Yazmina Raies\",\"url\":\"https:\\\/\\\/en.yazminaraies.com\\\/en\\\/\",\"logo\":{\"@type\":\"ImageObject\",\"inLanguage\":\"en-US\",\"@id\":\"https:\\\/\\\/en.yazminaraies.com\\\/en\\\/#\\\/schema\\\/logo\\\/image\\\/\",\"url\":\"https:\\\/\\\/en.yazminaraies.com\\\/wp-content\\\/uploads\\\/sites\\\/2\\\/2023\\\/10\\\/Yazmina-Raies-LogoFINAL-PNG-1.png\",\"contentUrl\":\"https:\\\/\\\/en.yazminaraies.com\\\/wp-content\\\/uploads\\\/sites\\\/2\\\/2023\\\/10\\\/Yazmina-Raies-LogoFINAL-PNG-1.png\",\"width\":5882,\"height\":1789,\"caption\":\"Yazmina Raies\"},\"image\":{\"@id\":\"https:\\\/\\\/en.yazminaraies.com\\\/en\\\/#\\\/schema\\\/logo\\\/image\\\/\"}}]}<\/script>\n<!-- \/ Yoast SEO plugin. -->","yoast_head_json":{"title":"Piano Tango Principiantes Vol. 2 - Yazmina Raies","robots":{"index":"index","follow":"follow","max-snippet":"max-snippet:-1","max-image-preview":"max-image-preview:large","max-video-preview":"max-video-preview:-1"},"canonical":"https:\/\/en.yazminaraies.com\/en\/product\/piano-tango-principiantes-vol-2-preventa-35-off\/","og_locale":"en_US","og_type":"article","og_title":"Piano Tango Principiantes Vol. 2 - Yazmina Raies","og_description":"\u00a1Lleg\u00f3 el libro Principiantes Vol. 2! Aqu\u00ed te dejo la lista de los temas de este nuevo repertorio: Malena Los Mareados Mano a mano Cambalache A media luz Don Juan Tinta roja En esta ocasi\u00f3n los temas traen todos el cifrado de acordes y adem\u00e1s al final encontrar\u00e1s una secci\u00f3n de Notas con hojas pentagramadas [&hellip;]","og_url":"https:\/\/en.yazminaraies.com\/en\/product\/piano-tango-principiantes-vol-2-preventa-35-off\/","og_site_name":"Yazmina Raies","article_modified_time":"2024-10-01T04:19:55+00:00","og_image":[{"width":2000,"height":2000,"url":"https:\/\/en.yazminaraies.com\/wp-content\/uploads\/sites\/2\/2024\/08\/Piano-Principiantes-Vol-2.png","type":"image\/png"}],"twitter_card":"summary_large_image","schema":{"@context":"https:\/\/schema.org","@graph":[{"@type":"WebPage","@id":"https:\/\/en.yazminaraies.com\/en\/product\/piano-tango-principiantes-vol-2-preventa-35-off\/","url":"https:\/\/en.yazminaraies.com\/en\/product\/piano-tango-principiantes-vol-2-preventa-35-off\/","name":"Piano Tango Principiantes Vol. 2 - Yazmina Raies","isPartOf":{"@id":"https:\/\/en.yazminaraies.com\/en\/#website"},"primaryImageOfPage":{"@id":"https:\/\/en.yazminaraies.com\/en\/product\/piano-tango-principiantes-vol-2-preventa-35-off\/#primaryimage"},"image":{"@id":"https:\/\/en.yazminaraies.com\/en\/product\/piano-tango-principiantes-vol-2-preventa-35-off\/#primaryimage"},"thumbnailUrl":"https:\/\/en.yazminaraies.com\/wp-content\/uploads\/sites\/2\/2024\/08\/Piano-Principiantes-Vol-2.png","datePublished":"2024-08-12T00:19:51+00:00","dateModified":"2024-10-01T04:19:55+00:00","breadcrumb":{"@id":"https:\/\/en.yazminaraies.com\/en\/product\/piano-tango-principiantes-vol-2-preventa-35-off\/#breadcrumb"},"inLanguage":"en-US","potentialAction":[{"@type":"ReadAction","target":["https:\/\/en.yazminaraies.com\/en\/product\/piano-tango-principiantes-vol-2-preventa-35-off\/"]}]},{"@type":"ImageObject","inLanguage":"en-US","@id":"https:\/\/en.yazminaraies.com\/en\/product\/piano-tango-principiantes-vol-2-preventa-35-off\/#primaryimage","url":"https:\/\/en.yazminaraies.com\/wp-content\/uploads\/sites\/2\/2024\/08\/Piano-Principiantes-Vol-2.png","contentUrl":"https:\/\/en.yazminaraies.com\/wp-content\/uploads\/sites\/2\/2024\/08\/Piano-Principiantes-Vol-2.png","width":2000,"height":2000},{"@type":"BreadcrumbList","@id":"https:\/\/en.yazminaraies.com\/en\/product\/piano-tango-principiantes-vol-2-preventa-35-off\/#breadcrumb","itemListElement":[{"@type":"ListItem","position":1,"name":"Inicio","item":"https:\/\/en.yazminaraies.com\/en\/"},{"@type":"ListItem","position":2,"name":"Shop","item":"https:\/\/en.yazminaraies.com\/en\/tienda\/"},{"@type":"ListItem","position":3,"name":"Piano Tango Principiantes Vol. 2"}]},{"@type":"WebSite","@id":"https:\/\/en.yazminaraies.com\/en\/#website","url":"https:\/\/en.yazminaraies.com\/en\/","name":"Yazmina Raies","description":"","publisher":{"@id":"https:\/\/en.yazminaraies.com\/en\/#organization"},"potentialAction":[{"@type":"SearchAction","target":{"@type":"EntryPoint","urlTemplate":"https:\/\/en.yazminaraies.com\/en\/?s={search_term_string}"},"query-input":{"@type":"PropertyValueSpecification","valueRequired":true,"valueName":"search_term_string"}}],"inLanguage":"en-US"},{"@type":"Organization","@id":"https:\/\/en.yazminaraies.com\/en\/#organization","name":"Yazmina Raies","url":"https:\/\/en.yazminaraies.com\/en\/","logo":{"@type":"ImageObject","inLanguage":"en-US","@id":"https:\/\/en.yazminaraies.com\/en\/#\/schema\/logo\/image\/","url":"https:\/\/en.yazminaraies.com\/wp-content\/uploads\/sites\/2\/2023\/10\/Yazmina-Raies-LogoFINAL-PNG-1.png","contentUrl":"https:\/\/en.yazminaraies.com\/wp-content\/uploads\/sites\/2\/2023\/10\/Yazmina-Raies-LogoFINAL-PNG-1.png","width":5882,"height":1789,"caption":"Yazmina Raies"},"image":{"@id":"https:\/\/en.yazminaraies.com\/en\/#\/schema\/logo\/image\/"}}]}},"_links":{"self":[{"href":"https:\/\/en.yazminaraies.com\/en\/wp-json\/wp\/v2\/product\/2452","targetHints":{"allow":["GET"]}}],"collection":[{"href":"https:\/\/en.yazminaraies.com\/en\/wp-json\/wp\/v2\/product"}],"about":[{"href":"https:\/\/en.yazminaraies.com\/en\/wp-json\/wp\/v2\/types\/product"}],"replies":[{"embeddable":true,"href":"https:\/\/en.yazminaraies.com\/en\/wp-json\/wp\/v2\/comments?post=2452"}],"wp:featuredmedia":[{"embeddable":true,"href":"https:\/\/en.yazminaraies.com\/en\/wp-json\/wp\/v2\/media\/2453"}],"wp:attachment":[{"href":"https:\/\/en.yazminaraies.com\/en\/wp-json\/wp\/v2\/media?parent=2452"}],"wp:term":[{"taxonomy":"product_brand","embeddable":true,"href":"https:\/\/en.yazminaraies.com\/en\/wp-json\/wp\/v2\/product_brand?post=2452"},{"taxonomy":"product_cat","embeddable":true,"href":"https:\/\/en.yazminaraies.com\/en\/wp-json\/wp\/v2\/product_cat?post=2452"},{"taxonomy":"product_tag","embeddable":true,"href":"https:\/\/en.yazminaraies.com\/en\/wp-json\/wp\/v2\/product_tag?post=2452"}],"curies":[{"name":"wp","href":"https:\/\/api.w.org\/{rel}","templated":true}]}}